{"id":52,"date":"2018-07-17T20:57:20","date_gmt":"2018-07-17T20:57:20","guid":{"rendered":"http:\/\/induaire.cl\/?page_id=52"},"modified":"2025-05-11T03:46:16","modified_gmt":"2025-05-11T03:46:16","slug":"valvulas-rotatorias","status":"publish","type":"page","link":"https:\/\/induaire.cl\/index.php\/productos\/valvulas-rotatorias\/","title":{"rendered":"V\u00e1lvulas Rotatorias"},"content":{"rendered":"<p>Las V\u00e1lvulas Rotatorias de fabricadas tienen por finalidad asegurar una descarga optima del material particulado capturado en\u00a0equipamientos de retenci\u00f3n, como filtros de mangas, ciclones, etc. Tambi\u00e9n pueden ser utilizadas para dosificaci\u00f3n de productos.<img loading=\"lazy\" decoding=\"async\" class=\"size-medium wp-image-53 alignleft\" src=\"https:\/\/induaire.cl\/wp-content\/uploads\/2018\/07\/valvulas-rotatorias1-300x226.jpg\" alt=\"\" width=\"300\" height=\"226\" srcset=\"https:\/\/induaire.cl\/wp-content\/uploads\/2018\/07\/valvulas-rotatorias1-300x226.jpg 300w, https:\/\/induaire.cl\/wp-content\/uploads\/2018\/07\/valvulas-rotatorias1.jpg 328w\" sizes=\"auto, (max-width: 300px) 100vw, 300px\" \/><\/p>\n<p>Estas v\u00e1lvulas poseen funcionamiento continuo y son accionadas a trav\u00e9s de un motor- reductor. El cuerpo de las v\u00e1lvulas est\u00e1 fabricado en acero fundido o acero estructural dependiendo de la aplicaci\u00f3n.<\/p>\n<p>&nbsp;<\/p>\n<p>&nbsp;<\/p>\n\n\n<p><\/p>\n","protected":false},"excerpt":{"rendered":"<p>Las V\u00e1lvulas Rotatorias de fabricadas tienen por finalidad asegurar una descarga optima del material particulado capturado en\u00a0equipamientos de retenci\u00f3n, como filtros de mangas, ciclones, etc. Tambi\u00e9n pueden ser utilizadas para dosificaci\u00f3n de productos. Estas v\u00e1lvulas poseen funcionamiento continuo y son accionadas a trav\u00e9s de un motor- reductor. El cuerpo de las v\u00e1lvulas est\u00e1 fabricado en [&hellip;]<\/p>\n","protected":false},"author":1,"featured_media":0,"parent":8,"menu_order":0,"comment_status":"closed","ping_status":"closed","template":"","meta":{"_themeisle_gutenberg_block_has_review":false,"footnotes":""},"class_list":["post-52","page","type-page","status-publish","hentry"],"yoast_head":"<!-- This site is optimized with the Yoast SEO plugin v25.4 - https:\/\/yoast.com\/wordpress\/plugins\/seo\/ -->\n<title>V\u00e1lvulas Rotatorias - Induaire.cl<\/title>\n<meta name=\"robots\" content=\"index, follow, max-snippet:-1, max-image-preview:large, max-video-preview:-1\" \/>\n<link rel=\"canonical\" href=\"https:\/\/induaire.cl\/index.php\/productos\/valvulas-rotatorias\/\" \/>\n<meta property=\"og:locale\" content=\"es_ES\" \/>\n<meta property=\"og:type\" content=\"article\" \/>\n<meta property=\"og:title\" content=\"V\u00e1lvulas Rotatorias - Induaire.cl\" \/>\n<meta property=\"og:description\" content=\"Las V\u00e1lvulas Rotatorias de fabricadas tienen por finalidad asegurar una descarga optima del material particulado capturado en\u00a0equipamientos de retenci\u00f3n, como filtros de mangas, ciclones, etc. Tambi\u00e9n pueden ser utilizadas para dosificaci\u00f3n de productos. Estas v\u00e1lvulas poseen funcionamiento continuo y son accionadas a trav\u00e9s de un motor- reductor. El cuerpo de las v\u00e1lvulas est\u00e1 fabricado en [&hellip;]\" \/>\n<meta property=\"og:url\" content=\"https:\/\/induaire.cl\/index.php\/productos\/valvulas-rotatorias\/\" \/>\n<meta property=\"og:site_name\" content=\"Induaire.cl\" \/>\n<meta property=\"article:modified_time\" content=\"2025-05-11T03:46:16+00:00\" \/>\n<meta property=\"og:image\" content=\"http:\/\/induaire.cl\/wp-content\/uploads\/2018\/07\/valvulas-rotatorias1-300x226.jpg\" \/>\n<meta name=\"twitter:card\" content=\"summary_large_image\" \/>\n<script type=\"application\/ld+json\" class=\"yoast-schema-graph\">{\"@context\":\"https:\/\/schema.org\",\"@graph\":[{\"@type\":\"WebPage\",\"@id\":\"https:\/\/induaire.cl\/index.php\/productos\/valvulas-rotatorias\/\",\"url\":\"https:\/\/induaire.cl\/index.php\/productos\/valvulas-rotatorias\/\",\"name\":\"V\u00e1lvulas Rotatorias - Induaire.cl\",\"isPartOf\":{\"@id\":\"https:\/\/induaire.cl\/#website\"},\"primaryImageOfPage\":{\"@id\":\"https:\/\/induaire.cl\/index.php\/productos\/valvulas-rotatorias\/#primaryimage\"},\"image\":{\"@id\":\"https:\/\/induaire.cl\/index.php\/productos\/valvulas-rotatorias\/#primaryimage\"},\"thumbnailUrl\":\"http:\/\/induaire.cl\/wp-content\/uploads\/2018\/07\/valvulas-rotatorias1-300x226.jpg\",\"datePublished\":\"2018-07-17T20:57:20+00:00\",\"dateModified\":\"2025-05-11T03:46:16+00:00\",\"breadcrumb\":{\"@id\":\"https:\/\/induaire.cl\/index.php\/productos\/valvulas-rotatorias\/#breadcrumb\"},\"inLanguage\":\"es-CL\",\"potentialAction\":[{\"@type\":\"ReadAction\",\"target\":[\"https:\/\/induaire.cl\/index.php\/productos\/valvulas-rotatorias\/\"]}]},{\"@type\":\"ImageObject\",\"inLanguage\":\"es-CL\",\"@id\":\"https:\/\/induaire.cl\/index.php\/productos\/valvulas-rotatorias\/#primaryimage\",\"url\":\"http:\/\/induaire.cl\/wp-content\/uploads\/2018\/07\/valvulas-rotatorias1-300x226.jpg\",\"contentUrl\":\"http:\/\/induaire.cl\/wp-content\/uploads\/2018\/07\/valvulas-rotatorias1-300x226.jpg\"},{\"@type\":\"BreadcrumbList\",\"@id\":\"https:\/\/induaire.cl\/index.php\/productos\/valvulas-rotatorias\/#breadcrumb\",\"itemListElement\":[{\"@type\":\"ListItem\",\"position\":1,\"name\":\"Portada\",\"item\":\"https:\/\/induaire.cl\/\"},{\"@type\":\"ListItem\",\"position\":2,\"name\":\"Productos\",\"item\":\"https:\/\/induaire.cl\/index.php\/productos\/\"},{\"@type\":\"ListItem\",\"position\":3,\"name\":\"V\u00e1lvulas Rotatorias\"}]},{\"@type\":\"WebSite\",\"@id\":\"https:\/\/induaire.cl\/#website\",\"url\":\"https:\/\/induaire.cl\/\",\"name\":\"Induaire.cl\",\"description\":\"Induaire.cl proyecta, fabrica e instala sistemas para aspiraci\u00f3n, retenci\u00f3n y depuraci\u00f3n de poluci\u00f3n\",\"publisher\":{\"@id\":\"https:\/\/induaire.cl\/#organization\"},\"potentialAction\":[{\"@type\":\"SearchAction\",\"target\":{\"@type\":\"EntryPoint\",\"urlTemplate\":\"https:\/\/induaire.cl\/?s={search_term_string}\"},\"query-input\":{\"@type\":\"PropertyValueSpecification\",\"valueRequired\":true,\"valueName\":\"search_term_string\"}}],\"inLanguage\":\"es-CL\"},{\"@type\":\"Organization\",\"@id\":\"https:\/\/induaire.cl\/#organization\",\"name\":\"Induaire\",\"url\":\"https:\/\/induaire.cl\/\",\"logo\":{\"@type\":\"ImageObject\",\"inLanguage\":\"es-CL\",\"@id\":\"https:\/\/induaire.cl\/#\/schema\/logo\/image\/\",\"url\":\"https:\/\/induaire.cl\/wp-content\/uploads\/2025\/05\/Logo-Induaire-2020-5-scaled.png\",\"contentUrl\":\"https:\/\/induaire.cl\/wp-content\/uploads\/2025\/05\/Logo-Induaire-2020-5-scaled.png\",\"width\":2560,\"height\":975,\"caption\":\"Induaire\"},\"image\":{\"@id\":\"https:\/\/induaire.cl\/#\/schema\/logo\/image\/\"}}]}<\/script>\n<!-- \/ Yoast SEO plugin. -->","yoast_head_json":{"title":"V\u00e1lvulas Rotatorias - Induaire.cl","robots":{"index":"index","follow":"follow","max-snippet":"max-snippet:-1","max-image-preview":"max-image-preview:large","max-video-preview":"max-video-preview:-1"},"canonical":"https:\/\/induaire.cl\/index.php\/productos\/valvulas-rotatorias\/","og_locale":"es_ES","og_type":"article","og_title":"V\u00e1lvulas Rotatorias - Induaire.cl","og_description":"Las V\u00e1lvulas Rotatorias de fabricadas tienen por finalidad asegurar una descarga optima del material particulado capturado en\u00a0equipamientos de retenci\u00f3n, como filtros de mangas, ciclones, etc. Tambi\u00e9n pueden ser utilizadas para dosificaci\u00f3n de productos. Estas v\u00e1lvulas poseen funcionamiento continuo y son accionadas a trav\u00e9s de un motor- reductor. El cuerpo de las v\u00e1lvulas est\u00e1 fabricado en [&hellip;]","og_url":"https:\/\/induaire.cl\/index.php\/productos\/valvulas-rotatorias\/","og_site_name":"Induaire.cl","article_modified_time":"2025-05-11T03:46:16+00:00","og_image":[{"url":"http:\/\/induaire.cl\/wp-content\/uploads\/2018\/07\/valvulas-rotatorias1-300x226.jpg","type":"","width":"","height":""}],"twitter_card":"summary_large_image","schema":{"@context":"https:\/\/schema.org","@graph":[{"@type":"WebPage","@id":"https:\/\/induaire.cl\/index.php\/productos\/valvulas-rotatorias\/","url":"https:\/\/induaire.cl\/index.php\/productos\/valvulas-rotatorias\/","name":"V\u00e1lvulas Rotatorias - Induaire.cl","isPartOf":{"@id":"https:\/\/induaire.cl\/#website"},"primaryImageOfPage":{"@id":"https:\/\/induaire.cl\/index.php\/productos\/valvulas-rotatorias\/#primaryimage"},"image":{"@id":"https:\/\/induaire.cl\/index.php\/productos\/valvulas-rotatorias\/#primaryimage"},"thumbnailUrl":"http:\/\/induaire.cl\/wp-content\/uploads\/2018\/07\/valvulas-rotatorias1-300x226.jpg","datePublished":"2018-07-17T20:57:20+00:00","dateModified":"2025-05-11T03:46:16+00:00","breadcrumb":{"@id":"https:\/\/induaire.cl\/index.php\/productos\/valvulas-rotatorias\/#breadcrumb"},"inLanguage":"es-CL","potentialAction":[{"@type":"ReadAction","target":["https:\/\/induaire.cl\/index.php\/productos\/valvulas-rotatorias\/"]}]},{"@type":"ImageObject","inLanguage":"es-CL","@id":"https:\/\/induaire.cl\/index.php\/productos\/valvulas-rotatorias\/#primaryimage","url":"http:\/\/induaire.cl\/wp-content\/uploads\/2018\/07\/valvulas-rotatorias1-300x226.jpg","contentUrl":"http:\/\/induaire.cl\/wp-content\/uploads\/2018\/07\/valvulas-rotatorias1-300x226.jpg"},{"@type":"BreadcrumbList","@id":"https:\/\/induaire.cl\/index.php\/productos\/valvulas-rotatorias\/#breadcrumb","itemListElement":[{"@type":"ListItem","position":1,"name":"Portada","item":"https:\/\/induaire.cl\/"},{"@type":"ListItem","position":2,"name":"Productos","item":"https:\/\/induaire.cl\/index.php\/productos\/"},{"@type":"ListItem","position":3,"name":"V\u00e1lvulas Rotatorias"}]},{"@type":"WebSite","@id":"https:\/\/induaire.cl\/#website","url":"https:\/\/induaire.cl\/","name":"Induaire.cl","description":"Induaire.cl proyecta, fabrica e instala sistemas para aspiraci\u00f3n, retenci\u00f3n y depuraci\u00f3n de poluci\u00f3n","publisher":{"@id":"https:\/\/induaire.cl\/#organization"},"potentialAction":[{"@type":"SearchAction","target":{"@type":"EntryPoint","urlTemplate":"https:\/\/induaire.cl\/?s={search_term_string}"},"query-input":{"@type":"PropertyValueSpecification","valueRequired":true,"valueName":"search_term_string"}}],"inLanguage":"es-CL"},{"@type":"Organization","@id":"https:\/\/induaire.cl\/#organization","name":"Induaire","url":"https:\/\/induaire.cl\/","logo":{"@type":"ImageObject","inLanguage":"es-CL","@id":"https:\/\/induaire.cl\/#\/schema\/logo\/image\/","url":"https:\/\/induaire.cl\/wp-content\/uploads\/2025\/05\/Logo-Induaire-2020-5-scaled.png","contentUrl":"https:\/\/induaire.cl\/wp-content\/uploads\/2025\/05\/Logo-Induaire-2020-5-scaled.png","width":2560,"height":975,"caption":"Induaire"},"image":{"@id":"https:\/\/induaire.cl\/#\/schema\/logo\/image\/"}}]}},"_links":{"self":[{"href":"https:\/\/induaire.cl\/index.php\/wp-json\/wp\/v2\/pages\/52","targetHints":{"allow":["GET"]}}],"collection":[{"href":"https:\/\/induaire.cl\/index.php\/wp-json\/wp\/v2\/pages"}],"about":[{"href":"https:\/\/induaire.cl\/index.php\/wp-json\/wp\/v2\/types\/page"}],"author":[{"embeddable":true,"href":"https:\/\/induaire.cl\/index.php\/wp-json\/wp\/v2\/users\/1"}],"replies":[{"embeddable":true,"href":"https:\/\/induaire.cl\/index.php\/wp-json\/wp\/v2\/comments?post=52"}],"version-history":[{"count":2,"href":"https:\/\/induaire.cl\/index.php\/wp-json\/wp\/v2\/pages\/52\/revisions"}],"predecessor-version":[{"id":335,"href":"https:\/\/induaire.cl\/index.php\/wp-json\/wp\/v2\/pages\/52\/revisions\/335"}],"up":[{"embeddable":true,"href":"https:\/\/induaire.cl\/index.php\/wp-json\/wp\/v2\/pages\/8"}],"wp:attachment":[{"href":"https:\/\/induaire.cl\/index.php\/wp-json\/wp\/v2\/media?parent=52"}],"curies":[{"name":"wp","href":"https:\/\/api.w.org\/{rel}","templated":true}]}}