{"id":48,"date":"2018-07-17T20:55:24","date_gmt":"2018-07-17T20:55:24","guid":{"rendered":"http:\/\/induaire.cl\/?page_id=48"},"modified":"2025-05-11T03:45:49","modified_gmt":"2025-05-11T03:45:49","slug":"ciclones","status":"publish","type":"page","link":"https:\/\/induaire.cl\/index.php\/productos\/ciclones\/","title":{"rendered":"Ciclones"},"content":{"rendered":"<p>Ciclones para retenci\u00f3n\u00a0\u00a0de material particulado, utilizado tanto como pre-filtro para retenci\u00f3n de chips de material particulado (m\u00e1s gruesa en los sistemas de control de contaminaci\u00f3n), como equipamiento propio de proceso industrial para clasificaci\u00f3n de part\u00edculas.<\/p>\n<p><img loading=\"lazy\" decoding=\"async\" class=\"alignnone size-medium wp-image-49\" src=\"https:\/\/induaire.cl\/wp-content\/uploads\/2018\/07\/Ciclones1-239x300.jpg\" alt=\"\" width=\"239\" height=\"300\" srcset=\"https:\/\/induaire.cl\/wp-content\/uploads\/2018\/07\/Ciclones1-239x300.jpg 239w, https:\/\/induaire.cl\/wp-content\/uploads\/2018\/07\/Ciclones1.jpg 262w\" sizes=\"auto, (max-width: 239px) 100vw, 239px\" \/> <img loading=\"lazy\" decoding=\"async\" class=\"alignnone size-medium wp-image-50\" src=\"https:\/\/induaire.cl\/wp-content\/uploads\/2018\/07\/Ciclones2-226x300.jpg\" alt=\"\" width=\"226\" height=\"300\" srcset=\"https:\/\/induaire.cl\/wp-content\/uploads\/2018\/07\/Ciclones2-226x300.jpg 226w, https:\/\/induaire.cl\/wp-content\/uploads\/2018\/07\/Ciclones2.jpg 254w\" sizes=\"auto, (max-width: 226px) 100vw, 226px\" \/><\/p>\n","protected":false},"excerpt":{"rendered":"<p>Ciclones para retenci\u00f3n\u00a0\u00a0de material particulado, utilizado tanto como pre-filtro para retenci\u00f3n de chips de material particulado (m\u00e1s gruesa en los sistemas de control de contaminaci\u00f3n), como equipamiento propio de proceso industrial para clasificaci\u00f3n de part\u00edculas.<\/p>\n","protected":false},"author":1,"featured_media":0,"parent":8,"menu_order":0,"comment_status":"closed","ping_status":"closed","template":"","meta":{"_themeisle_gutenberg_block_has_review":false,"footnotes":""},"class_list":["post-48","page","type-page","status-publish","hentry"],"yoast_head":"<!-- This site is optimized with the Yoast SEO plugin v25.4 - https:\/\/yoast.com\/wordpress\/plugins\/seo\/ -->\n<title>Ciclones - Induaire.cl<\/title>\n<meta name=\"robots\" content=\"index, follow, max-snippet:-1, max-image-preview:large, max-video-preview:-1\" \/>\n<link rel=\"canonical\" href=\"https:\/\/induaire.cl\/index.php\/productos\/ciclones\/\" \/>\n<meta property=\"og:locale\" content=\"es_ES\" \/>\n<meta property=\"og:type\" content=\"article\" \/>\n<meta property=\"og:title\" content=\"Ciclones - Induaire.cl\" \/>\n<meta property=\"og:description\" content=\"Ciclones para retenci\u00f3n\u00a0\u00a0de material particulado, utilizado tanto como pre-filtro para retenci\u00f3n de chips de material particulado (m\u00e1s gruesa en los sistemas de control de contaminaci\u00f3n), como equipamiento propio de proceso industrial para clasificaci\u00f3n de part\u00edculas.\" \/>\n<meta property=\"og:url\" content=\"https:\/\/induaire.cl\/index.php\/productos\/ciclones\/\" \/>\n<meta property=\"og:site_name\" content=\"Induaire.cl\" \/>\n<meta property=\"article:modified_time\" content=\"2025-05-11T03:45:49+00:00\" \/>\n<meta property=\"og:image\" content=\"http:\/\/induaire.cl\/wp-content\/uploads\/2018\/07\/Ciclones1-239x300.jpg\" \/>\n<meta name=\"twitter:card\" content=\"summary_large_image\" \/>\n<script type=\"application\/ld+json\" class=\"yoast-schema-graph\">{\"@context\":\"https:\/\/schema.org\",\"@graph\":[{\"@type\":\"WebPage\",\"@id\":\"https:\/\/induaire.cl\/index.php\/productos\/ciclones\/\",\"url\":\"https:\/\/induaire.cl\/index.php\/productos\/ciclones\/\",\"name\":\"Ciclones - Induaire.cl\",\"isPartOf\":{\"@id\":\"https:\/\/induaire.cl\/#website\"},\"primaryImageOfPage\":{\"@id\":\"https:\/\/induaire.cl\/index.php\/productos\/ciclones\/#primaryimage\"},\"image\":{\"@id\":\"https:\/\/induaire.cl\/index.php\/productos\/ciclones\/#primaryimage\"},\"thumbnailUrl\":\"http:\/\/induaire.cl\/wp-content\/uploads\/2018\/07\/Ciclones1-239x300.jpg\",\"datePublished\":\"2018-07-17T20:55:24+00:00\",\"dateModified\":\"2025-05-11T03:45:49+00:00\",\"breadcrumb\":{\"@id\":\"https:\/\/induaire.cl\/index.php\/productos\/ciclones\/#breadcrumb\"},\"inLanguage\":\"es-CL\",\"potentialAction\":[{\"@type\":\"ReadAction\",\"target\":[\"https:\/\/induaire.cl\/index.php\/productos\/ciclones\/\"]}]},{\"@type\":\"ImageObject\",\"inLanguage\":\"es-CL\",\"@id\":\"https:\/\/induaire.cl\/index.php\/productos\/ciclones\/#primaryimage\",\"url\":\"http:\/\/induaire.cl\/wp-content\/uploads\/2018\/07\/Ciclones1-239x300.jpg\",\"contentUrl\":\"http:\/\/induaire.cl\/wp-content\/uploads\/2018\/07\/Ciclones1-239x300.jpg\"},{\"@type\":\"BreadcrumbList\",\"@id\":\"https:\/\/induaire.cl\/index.php\/productos\/ciclones\/#breadcrumb\",\"itemListElement\":[{\"@type\":\"ListItem\",\"position\":1,\"name\":\"Portada\",\"item\":\"https:\/\/induaire.cl\/\"},{\"@type\":\"ListItem\",\"position\":2,\"name\":\"Productos\",\"item\":\"https:\/\/induaire.cl\/index.php\/productos\/\"},{\"@type\":\"ListItem\",\"position\":3,\"name\":\"Ciclones\"}]},{\"@type\":\"WebSite\",\"@id\":\"https:\/\/induaire.cl\/#website\",\"url\":\"https:\/\/induaire.cl\/\",\"name\":\"Induaire.cl\",\"description\":\"Induaire.cl proyecta, fabrica e instala sistemas para aspiraci\u00f3n, retenci\u00f3n y depuraci\u00f3n de poluci\u00f3n\",\"publisher\":{\"@id\":\"https:\/\/induaire.cl\/#organization\"},\"potentialAction\":[{\"@type\":\"SearchAction\",\"target\":{\"@type\":\"EntryPoint\",\"urlTemplate\":\"https:\/\/induaire.cl\/?s={search_term_string}\"},\"query-input\":{\"@type\":\"PropertyValueSpecification\",\"valueRequired\":true,\"valueName\":\"search_term_string\"}}],\"inLanguage\":\"es-CL\"},{\"@type\":\"Organization\",\"@id\":\"https:\/\/induaire.cl\/#organization\",\"name\":\"Induaire\",\"url\":\"https:\/\/induaire.cl\/\",\"logo\":{\"@type\":\"ImageObject\",\"inLanguage\":\"es-CL\",\"@id\":\"https:\/\/induaire.cl\/#\/schema\/logo\/image\/\",\"url\":\"https:\/\/induaire.cl\/wp-content\/uploads\/2025\/05\/Logo-Induaire-2020-5-scaled.png\",\"contentUrl\":\"https:\/\/induaire.cl\/wp-content\/uploads\/2025\/05\/Logo-Induaire-2020-5-scaled.png\",\"width\":2560,\"height\":975,\"caption\":\"Induaire\"},\"image\":{\"@id\":\"https:\/\/induaire.cl\/#\/schema\/logo\/image\/\"}}]}<\/script>\n<!-- \/ Yoast SEO plugin. -->","yoast_head_json":{"title":"Ciclones - Induaire.cl","robots":{"index":"index","follow":"follow","max-snippet":"max-snippet:-1","max-image-preview":"max-image-preview:large","max-video-preview":"max-video-preview:-1"},"canonical":"https:\/\/induaire.cl\/index.php\/productos\/ciclones\/","og_locale":"es_ES","og_type":"article","og_title":"Ciclones - Induaire.cl","og_description":"Ciclones para retenci\u00f3n\u00a0\u00a0de material particulado, utilizado tanto como pre-filtro para retenci\u00f3n de chips de material particulado (m\u00e1s gruesa en los sistemas de control de contaminaci\u00f3n), como equipamiento propio de proceso industrial para clasificaci\u00f3n de part\u00edculas.","og_url":"https:\/\/induaire.cl\/index.php\/productos\/ciclones\/","og_site_name":"Induaire.cl","article_modified_time":"2025-05-11T03:45:49+00:00","og_image":[{"url":"http:\/\/induaire.cl\/wp-content\/uploads\/2018\/07\/Ciclones1-239x300.jpg","type":"","width":"","height":""}],"twitter_card":"summary_large_image","schema":{"@context":"https:\/\/schema.org","@graph":[{"@type":"WebPage","@id":"https:\/\/induaire.cl\/index.php\/productos\/ciclones\/","url":"https:\/\/induaire.cl\/index.php\/productos\/ciclones\/","name":"Ciclones - Induaire.cl","isPartOf":{"@id":"https:\/\/induaire.cl\/#website"},"primaryImageOfPage":{"@id":"https:\/\/induaire.cl\/index.php\/productos\/ciclones\/#primaryimage"},"image":{"@id":"https:\/\/induaire.cl\/index.php\/productos\/ciclones\/#primaryimage"},"thumbnailUrl":"http:\/\/induaire.cl\/wp-content\/uploads\/2018\/07\/Ciclones1-239x300.jpg","datePublished":"2018-07-17T20:55:24+00:00","dateModified":"2025-05-11T03:45:49+00:00","breadcrumb":{"@id":"https:\/\/induaire.cl\/index.php\/productos\/ciclones\/#breadcrumb"},"inLanguage":"es-CL","potentialAction":[{"@type":"ReadAction","target":["https:\/\/induaire.cl\/index.php\/productos\/ciclones\/"]}]},{"@type":"ImageObject","inLanguage":"es-CL","@id":"https:\/\/induaire.cl\/index.php\/productos\/ciclones\/#primaryimage","url":"http:\/\/induaire.cl\/wp-content\/uploads\/2018\/07\/Ciclones1-239x300.jpg","contentUrl":"http:\/\/induaire.cl\/wp-content\/uploads\/2018\/07\/Ciclones1-239x300.jpg"},{"@type":"BreadcrumbList","@id":"https:\/\/induaire.cl\/index.php\/productos\/ciclones\/#breadcrumb","itemListElement":[{"@type":"ListItem","position":1,"name":"Portada","item":"https:\/\/induaire.cl\/"},{"@type":"ListItem","position":2,"name":"Productos","item":"https:\/\/induaire.cl\/index.php\/productos\/"},{"@type":"ListItem","position":3,"name":"Ciclones"}]},{"@type":"WebSite","@id":"https:\/\/induaire.cl\/#website","url":"https:\/\/induaire.cl\/","name":"Induaire.cl","description":"Induaire.cl proyecta, fabrica e instala sistemas para aspiraci\u00f3n, retenci\u00f3n y depuraci\u00f3n de poluci\u00f3n","publisher":{"@id":"https:\/\/induaire.cl\/#organization"},"potentialAction":[{"@type":"SearchAction","target":{"@type":"EntryPoint","urlTemplate":"https:\/\/induaire.cl\/?s={search_term_string}"},"query-input":{"@type":"PropertyValueSpecification","valueRequired":true,"valueName":"search_term_string"}}],"inLanguage":"es-CL"},{"@type":"Organization","@id":"https:\/\/induaire.cl\/#organization","name":"Induaire","url":"https:\/\/induaire.cl\/","logo":{"@type":"ImageObject","inLanguage":"es-CL","@id":"https:\/\/induaire.cl\/#\/schema\/logo\/image\/","url":"https:\/\/induaire.cl\/wp-content\/uploads\/2025\/05\/Logo-Induaire-2020-5-scaled.png","contentUrl":"https:\/\/induaire.cl\/wp-content\/uploads\/2025\/05\/Logo-Induaire-2020-5-scaled.png","width":2560,"height":975,"caption":"Induaire"},"image":{"@id":"https:\/\/induaire.cl\/#\/schema\/logo\/image\/"}}]}},"_links":{"self":[{"href":"https:\/\/induaire.cl\/index.php\/wp-json\/wp\/v2\/pages\/48","targetHints":{"allow":["GET"]}}],"collection":[{"href":"https:\/\/induaire.cl\/index.php\/wp-json\/wp\/v2\/pages"}],"about":[{"href":"https:\/\/induaire.cl\/index.php\/wp-json\/wp\/v2\/types\/page"}],"author":[{"embeddable":true,"href":"https:\/\/induaire.cl\/index.php\/wp-json\/wp\/v2\/users\/1"}],"replies":[{"embeddable":true,"href":"https:\/\/induaire.cl\/index.php\/wp-json\/wp\/v2\/comments?post=48"}],"version-history":[{"count":1,"href":"https:\/\/induaire.cl\/index.php\/wp-json\/wp\/v2\/pages\/48\/revisions"}],"predecessor-version":[{"id":51,"href":"https:\/\/induaire.cl\/index.php\/wp-json\/wp\/v2\/pages\/48\/revisions\/51"}],"up":[{"embeddable":true,"href":"https:\/\/induaire.cl\/index.php\/wp-json\/wp\/v2\/pages\/8"}],"wp:attachment":[{"href":"https:\/\/induaire.cl\/index.php\/wp-json\/wp\/v2\/media?parent=48"}],"curies":[{"name":"wp","href":"https:\/\/api.w.org\/{rel}","templated":true}]}}