{"id":44,"date":"2018-07-17T20:53:22","date_gmt":"2018-07-17T20:53:22","guid":{"rendered":"http:\/\/induaire.cl\/?page_id=44"},"modified":"2025-05-11T03:45:27","modified_gmt":"2025-05-11T03:45:27","slug":"filtros-de-cartridge","status":"publish","type":"page","link":"https:\/\/induaire.cl\/index.php\/productos\/filtros-de-cartridge\/","title":{"rendered":"Filtros de Cartridge"},"content":{"rendered":"<p>Induaire dise\u00f1a y fabrica Colectores de polvo tipo Filtros de Cartridge para instalaciones en sistemas de extracci\u00f3n de humos generados en procesos de soldadura, de corte l\u00e1ser o plasma. Nuestros filtros utilizan cartuchos especialmente dise\u00f1ados para\u00a0\u00a0para retenci\u00f3n de poluci\u00f3n generadora en los procesos.<\/p>\n<p>El sistema de limpieza de los cartuchos es a trav\u00e9s de un sistema \u201cJet-Pulse\u201d que inyecta aire comprimido en contra corriente a trav\u00e9s de las mangas filtrantes mediante un diferencial de presi\u00f3n entre las c\u00e1maras de aire limpia y la c\u00e1mara de aire sucia, permitiendo el desprendimiento del polvo acumulado en ellas.<\/p>\n<ul>\n<li>\u00b7 Filtro Compacto, ocupa una peque\u00f1a \u00e1rea.<\/li>\n<li>\u00b7 Gran eficiencia de filtraci\u00f3n.<\/li>\n<li>\u00b7 Facilidad de mantenimiento y sustituci\u00f3n de los cartuchos.<\/li>\n<li>\u00b7 Bajo nivel de Ruido.<\/li>\n<\/ul>\n<p><img loading=\"lazy\" decoding=\"async\" class=\"alignnone size-medium wp-image-45\" src=\"https:\/\/induaire.cl\/wp-content\/uploads\/2018\/07\/filtro-Cartridge1-294x300.jpg\" alt=\"\" width=\"294\" height=\"300\" srcset=\"https:\/\/induaire.cl\/wp-content\/uploads\/2018\/07\/filtro-Cartridge1-294x300.jpg 294w, https:\/\/induaire.cl\/wp-content\/uploads\/2018\/07\/filtro-Cartridge1.jpg 345w\" sizes=\"auto, (max-width: 294px) 100vw, 294px\" \/> <img loading=\"lazy\" decoding=\"async\" class=\"alignnone size-medium wp-image-46\" src=\"https:\/\/induaire.cl\/wp-content\/uploads\/2018\/07\/filtro-Cartridge2-198x300.jpg\" alt=\"\" width=\"198\" height=\"300\" srcset=\"https:\/\/induaire.cl\/wp-content\/uploads\/2018\/07\/filtro-Cartridge2-198x300.jpg 198w, https:\/\/induaire.cl\/wp-content\/uploads\/2018\/07\/filtro-Cartridge2.jpg 237w\" sizes=\"auto, (max-width: 198px) 100vw, 198px\" \/><\/p>\n","protected":false},"excerpt":{"rendered":"<p>Induaire dise\u00f1a y fabrica Colectores de polvo tipo Filtros de Cartridge para instalaciones en sistemas de extracci\u00f3n de humos generados en procesos de soldadura, de corte l\u00e1ser o plasma. Nuestros filtros utilizan cartuchos especialmente dise\u00f1ados para\u00a0\u00a0para retenci\u00f3n de poluci\u00f3n generadora en los procesos. El sistema de limpieza de los cartuchos es a trav\u00e9s de un [&hellip;]<\/p>\n","protected":false},"author":1,"featured_media":0,"parent":8,"menu_order":0,"comment_status":"closed","ping_status":"closed","template":"","meta":{"_themeisle_gutenberg_block_has_review":false,"footnotes":""},"class_list":["post-44","page","type-page","status-publish","hentry"],"yoast_head":"<!-- This site is optimized with the Yoast SEO plugin v25.4 - https:\/\/yoast.com\/wordpress\/plugins\/seo\/ -->\n<title>Filtros de Cartridge - Induaire.cl<\/title>\n<meta name=\"robots\" content=\"index, follow, max-snippet:-1, max-image-preview:large, max-video-preview:-1\" \/>\n<link rel=\"canonical\" href=\"https:\/\/induaire.cl\/index.php\/productos\/filtros-de-cartridge\/\" \/>\n<meta property=\"og:locale\" content=\"es_ES\" \/>\n<meta property=\"og:type\" content=\"article\" \/>\n<meta property=\"og:title\" content=\"Filtros de Cartridge - Induaire.cl\" \/>\n<meta property=\"og:description\" content=\"Induaire dise\u00f1a y fabrica Colectores de polvo tipo Filtros de Cartridge para instalaciones en sistemas de extracci\u00f3n de humos generados en procesos de soldadura, de corte l\u00e1ser o plasma. Nuestros filtros utilizan cartuchos especialmente dise\u00f1ados para\u00a0\u00a0para retenci\u00f3n de poluci\u00f3n generadora en los procesos. El sistema de limpieza de los cartuchos es a trav\u00e9s de un [&hellip;]\" \/>\n<meta property=\"og:url\" content=\"https:\/\/induaire.cl\/index.php\/productos\/filtros-de-cartridge\/\" \/>\n<meta property=\"og:site_name\" content=\"Induaire.cl\" \/>\n<meta property=\"article:modified_time\" content=\"2025-05-11T03:45:27+00:00\" \/>\n<meta property=\"og:image\" content=\"http:\/\/induaire.cl\/wp-content\/uploads\/2018\/07\/filtro-Cartridge1-294x300.jpg\" \/>\n<meta name=\"twitter:card\" content=\"summary_large_image\" \/>\n<meta name=\"twitter:label1\" content=\"Tiempo estimado de lectura\" \/>\n\t<meta name=\"twitter:data1\" content=\"1 minuto\" \/>\n<script type=\"application\/ld+json\" class=\"yoast-schema-graph\">{\"@context\":\"https:\/\/schema.org\",\"@graph\":[{\"@type\":\"WebPage\",\"@id\":\"https:\/\/induaire.cl\/index.php\/productos\/filtros-de-cartridge\/\",\"url\":\"https:\/\/induaire.cl\/index.php\/productos\/filtros-de-cartridge\/\",\"name\":\"Filtros de Cartridge - Induaire.cl\",\"isPartOf\":{\"@id\":\"https:\/\/induaire.cl\/#website\"},\"primaryImageOfPage\":{\"@id\":\"https:\/\/induaire.cl\/index.php\/productos\/filtros-de-cartridge\/#primaryimage\"},\"image\":{\"@id\":\"https:\/\/induaire.cl\/index.php\/productos\/filtros-de-cartridge\/#primaryimage\"},\"thumbnailUrl\":\"http:\/\/induaire.cl\/wp-content\/uploads\/2018\/07\/filtro-Cartridge1-294x300.jpg\",\"datePublished\":\"2018-07-17T20:53:22+00:00\",\"dateModified\":\"2025-05-11T03:45:27+00:00\",\"breadcrumb\":{\"@id\":\"https:\/\/induaire.cl\/index.php\/productos\/filtros-de-cartridge\/#breadcrumb\"},\"inLanguage\":\"es-CL\",\"potentialAction\":[{\"@type\":\"ReadAction\",\"target\":[\"https:\/\/induaire.cl\/index.php\/productos\/filtros-de-cartridge\/\"]}]},{\"@type\":\"ImageObject\",\"inLanguage\":\"es-CL\",\"@id\":\"https:\/\/induaire.cl\/index.php\/productos\/filtros-de-cartridge\/#primaryimage\",\"url\":\"http:\/\/induaire.cl\/wp-content\/uploads\/2018\/07\/filtro-Cartridge1-294x300.jpg\",\"contentUrl\":\"http:\/\/induaire.cl\/wp-content\/uploads\/2018\/07\/filtro-Cartridge1-294x300.jpg\"},{\"@type\":\"BreadcrumbList\",\"@id\":\"https:\/\/induaire.cl\/index.php\/productos\/filtros-de-cartridge\/#breadcrumb\",\"itemListElement\":[{\"@type\":\"ListItem\",\"position\":1,\"name\":\"Portada\",\"item\":\"https:\/\/induaire.cl\/\"},{\"@type\":\"ListItem\",\"position\":2,\"name\":\"Productos\",\"item\":\"https:\/\/induaire.cl\/index.php\/productos\/\"},{\"@type\":\"ListItem\",\"position\":3,\"name\":\"Filtros de Cartridge\"}]},{\"@type\":\"WebSite\",\"@id\":\"https:\/\/induaire.cl\/#website\",\"url\":\"https:\/\/induaire.cl\/\",\"name\":\"Induaire.cl\",\"description\":\"Induaire.cl proyecta, fabrica e instala sistemas para aspiraci\u00f3n, retenci\u00f3n y depuraci\u00f3n de poluci\u00f3n\",\"publisher\":{\"@id\":\"https:\/\/induaire.cl\/#organization\"},\"potentialAction\":[{\"@type\":\"SearchAction\",\"target\":{\"@type\":\"EntryPoint\",\"urlTemplate\":\"https:\/\/induaire.cl\/?s={search_term_string}\"},\"query-input\":{\"@type\":\"PropertyValueSpecification\",\"valueRequired\":true,\"valueName\":\"search_term_string\"}}],\"inLanguage\":\"es-CL\"},{\"@type\":\"Organization\",\"@id\":\"https:\/\/induaire.cl\/#organization\",\"name\":\"Induaire\",\"url\":\"https:\/\/induaire.cl\/\",\"logo\":{\"@type\":\"ImageObject\",\"inLanguage\":\"es-CL\",\"@id\":\"https:\/\/induaire.cl\/#\/schema\/logo\/image\/\",\"url\":\"https:\/\/induaire.cl\/wp-content\/uploads\/2025\/05\/Logo-Induaire-2020-5-scaled.png\",\"contentUrl\":\"https:\/\/induaire.cl\/wp-content\/uploads\/2025\/05\/Logo-Induaire-2020-5-scaled.png\",\"width\":2560,\"height\":975,\"caption\":\"Induaire\"},\"image\":{\"@id\":\"https:\/\/induaire.cl\/#\/schema\/logo\/image\/\"}}]}<\/script>\n<!-- \/ Yoast SEO plugin. -->","yoast_head_json":{"title":"Filtros de Cartridge - Induaire.cl","robots":{"index":"index","follow":"follow","max-snippet":"max-snippet:-1","max-image-preview":"max-image-preview:large","max-video-preview":"max-video-preview:-1"},"canonical":"https:\/\/induaire.cl\/index.php\/productos\/filtros-de-cartridge\/","og_locale":"es_ES","og_type":"article","og_title":"Filtros de Cartridge - Induaire.cl","og_description":"Induaire dise\u00f1a y fabrica Colectores de polvo tipo Filtros de Cartridge para instalaciones en sistemas de extracci\u00f3n de humos generados en procesos de soldadura, de corte l\u00e1ser o plasma. Nuestros filtros utilizan cartuchos especialmente dise\u00f1ados para\u00a0\u00a0para retenci\u00f3n de poluci\u00f3n generadora en los procesos. El sistema de limpieza de los cartuchos es a trav\u00e9s de un [&hellip;]","og_url":"https:\/\/induaire.cl\/index.php\/productos\/filtros-de-cartridge\/","og_site_name":"Induaire.cl","article_modified_time":"2025-05-11T03:45:27+00:00","og_image":[{"url":"http:\/\/induaire.cl\/wp-content\/uploads\/2018\/07\/filtro-Cartridge1-294x300.jpg","type":"","width":"","height":""}],"twitter_card":"summary_large_image","twitter_misc":{"Tiempo estimado de lectura":"1 minuto"},"schema":{"@context":"https:\/\/schema.org","@graph":[{"@type":"WebPage","@id":"https:\/\/induaire.cl\/index.php\/productos\/filtros-de-cartridge\/","url":"https:\/\/induaire.cl\/index.php\/productos\/filtros-de-cartridge\/","name":"Filtros de Cartridge - Induaire.cl","isPartOf":{"@id":"https:\/\/induaire.cl\/#website"},"primaryImageOfPage":{"@id":"https:\/\/induaire.cl\/index.php\/productos\/filtros-de-cartridge\/#primaryimage"},"image":{"@id":"https:\/\/induaire.cl\/index.php\/productos\/filtros-de-cartridge\/#primaryimage"},"thumbnailUrl":"http:\/\/induaire.cl\/wp-content\/uploads\/2018\/07\/filtro-Cartridge1-294x300.jpg","datePublished":"2018-07-17T20:53:22+00:00","dateModified":"2025-05-11T03:45:27+00:00","breadcrumb":{"@id":"https:\/\/induaire.cl\/index.php\/productos\/filtros-de-cartridge\/#breadcrumb"},"inLanguage":"es-CL","potentialAction":[{"@type":"ReadAction","target":["https:\/\/induaire.cl\/index.php\/productos\/filtros-de-cartridge\/"]}]},{"@type":"ImageObject","inLanguage":"es-CL","@id":"https:\/\/induaire.cl\/index.php\/productos\/filtros-de-cartridge\/#primaryimage","url":"http:\/\/induaire.cl\/wp-content\/uploads\/2018\/07\/filtro-Cartridge1-294x300.jpg","contentUrl":"http:\/\/induaire.cl\/wp-content\/uploads\/2018\/07\/filtro-Cartridge1-294x300.jpg"},{"@type":"BreadcrumbList","@id":"https:\/\/induaire.cl\/index.php\/productos\/filtros-de-cartridge\/#breadcrumb","itemListElement":[{"@type":"ListItem","position":1,"name":"Portada","item":"https:\/\/induaire.cl\/"},{"@type":"ListItem","position":2,"name":"Productos","item":"https:\/\/induaire.cl\/index.php\/productos\/"},{"@type":"ListItem","position":3,"name":"Filtros de Cartridge"}]},{"@type":"WebSite","@id":"https:\/\/induaire.cl\/#website","url":"https:\/\/induaire.cl\/","name":"Induaire.cl","description":"Induaire.cl proyecta, fabrica e instala sistemas para aspiraci\u00f3n, retenci\u00f3n y depuraci\u00f3n de poluci\u00f3n","publisher":{"@id":"https:\/\/induaire.cl\/#organization"},"potentialAction":[{"@type":"SearchAction","target":{"@type":"EntryPoint","urlTemplate":"https:\/\/induaire.cl\/?s={search_term_string}"},"query-input":{"@type":"PropertyValueSpecification","valueRequired":true,"valueName":"search_term_string"}}],"inLanguage":"es-CL"},{"@type":"Organization","@id":"https:\/\/induaire.cl\/#organization","name":"Induaire","url":"https:\/\/induaire.cl\/","logo":{"@type":"ImageObject","inLanguage":"es-CL","@id":"https:\/\/induaire.cl\/#\/schema\/logo\/image\/","url":"https:\/\/induaire.cl\/wp-content\/uploads\/2025\/05\/Logo-Induaire-2020-5-scaled.png","contentUrl":"https:\/\/induaire.cl\/wp-content\/uploads\/2025\/05\/Logo-Induaire-2020-5-scaled.png","width":2560,"height":975,"caption":"Induaire"},"image":{"@id":"https:\/\/induaire.cl\/#\/schema\/logo\/image\/"}}]}},"_links":{"self":[{"href":"https:\/\/induaire.cl\/index.php\/wp-json\/wp\/v2\/pages\/44","targetHints":{"allow":["GET"]}}],"collection":[{"href":"https:\/\/induaire.cl\/index.php\/wp-json\/wp\/v2\/pages"}],"about":[{"href":"https:\/\/induaire.cl\/index.php\/wp-json\/wp\/v2\/types\/page"}],"author":[{"embeddable":true,"href":"https:\/\/induaire.cl\/index.php\/wp-json\/wp\/v2\/users\/1"}],"replies":[{"embeddable":true,"href":"https:\/\/induaire.cl\/index.php\/wp-json\/wp\/v2\/comments?post=44"}],"version-history":[{"count":3,"href":"https:\/\/induaire.cl\/index.php\/wp-json\/wp\/v2\/pages\/44\/revisions"}],"predecessor-version":[{"id":77,"href":"https:\/\/induaire.cl\/index.php\/wp-json\/wp\/v2\/pages\/44\/revisions\/77"}],"up":[{"embeddable":true,"href":"https:\/\/induaire.cl\/index.php\/wp-json\/wp\/v2\/pages\/8"}],"wp:attachment":[{"href":"https:\/\/induaire.cl\/index.php\/wp-json\/wp\/v2\/media?parent=44"}],"curies":[{"name":"wp","href":"https:\/\/api.w.org\/{rel}","templated":true}]}}