{"id":32,"date":"2018-07-17T20:42:17","date_gmt":"2018-07-17T20:42:17","guid":{"rendered":"http:\/\/induaire.cl\/?page_id=32"},"modified":"2025-05-11T03:24:54","modified_gmt":"2025-05-11T03:24:54","slug":"contacto","status":"publish","type":"page","link":"https:\/\/induaire.cl\/index.php\/contacto\/","title":{"rendered":"Contacto"},"content":{"rendered":"\n<p><strong>ventas@induaire.cl<\/strong><\/p>\n\n\n\n<p><strong>Info@Induaire.cl<\/strong><\/p>\n\n\n\n<h2 class=\"wp-block-heading\"><strong>Consultas<\/strong><\/h2>\n\n\n\n<div class=\"wpcf7 no-js\" id=\"wpcf7-f237-o1\" lang=\"es-CL\" dir=\"ltr\" data-wpcf7-id=\"237\">\n<div class=\"screen-reader-response\"><p role=\"status\" aria-live=\"polite\" aria-atomic=\"true\"><\/p> <ul><\/ul><\/div>\n<form action=\"\/index.php\/wp-json\/wp\/v2\/pages\/32#wpcf7-f237-o1\" method=\"post\" class=\"wpcf7-form init\" aria-label=\"Formulario de contacto\" novalidate=\"novalidate\" data-status=\"init\">\n<fieldset class=\"hidden-fields-container\"><input type=\"hidden\" name=\"_wpcf7\" value=\"237\" \/><input type=\"hidden\" name=\"_wpcf7_version\" value=\"6.1.5\" \/><input type=\"hidden\" name=\"_wpcf7_locale\" value=\"es_CL\" \/><input type=\"hidden\" name=\"_wpcf7_unit_tag\" value=\"wpcf7-f237-o1\" \/><input type=\"hidden\" name=\"_wpcf7_container_post\" value=\"0\" \/><input type=\"hidden\" name=\"_wpcf7_posted_data_hash\" value=\"\" \/>\n<\/fieldset>\n<p><label> Nombre<br \/>\n<span class=\"wpcf7-form-control-wrap\" data-name=\"your-name\"><input size=\"40\" maxlength=\"400\" class=\"wpcf7-form-control wpcf7-text wpcf7-validates-as-required\" autocomplete=\"name\" aria-required=\"true\" aria-invalid=\"false\" value=\"\" type=\"text\" name=\"your-name\" \/><\/span> <\/label>\n<\/p>\n<p><label> Correo<br \/>\n<span class=\"wpcf7-form-control-wrap\" data-name=\"your-email\"><input size=\"40\" maxlength=\"400\" class=\"wpcf7-form-control wpcf7-email wpcf7-validates-as-required wpcf7-text wpcf7-validates-as-email\" autocomplete=\"email\" aria-required=\"true\" aria-invalid=\"false\" value=\"\" type=\"email\" name=\"your-email\" \/><\/span> <\/label>\n<\/p>\n<p><label> Asunto<br \/>\n<span class=\"wpcf7-form-control-wrap\" data-name=\"your-subject\"><input size=\"40\" maxlength=\"400\" class=\"wpcf7-form-control wpcf7-text wpcf7-validates-as-required\" aria-required=\"true\" aria-invalid=\"false\" value=\"\" type=\"text\" name=\"your-subject\" \/><\/span> <\/label>\n<\/p>\n<p><label> Mensaje (optional)<br \/>\n<span class=\"wpcf7-form-control-wrap\" data-name=\"your-message\"><textarea cols=\"40\" rows=\"10\" maxlength=\"2000\" class=\"wpcf7-form-control wpcf7-textarea\" aria-invalid=\"false\" name=\"your-message\"><\/textarea><\/span> <\/label>\n<\/p>\n<p><input class=\"wpcf7-form-control wpcf7-submit has-spinner\" type=\"submit\" value=\"Enviar\" \/>\n<\/p><div class=\"wpcf7-response-output\" aria-hidden=\"true\"><\/div>\n<\/form>\n<\/div>\n\n","protected":false},"excerpt":{"rendered":"<p>ventas@induaire.cl Info@Induaire.cl Consultas<\/p>\n","protected":false},"author":1,"featured_media":288,"parent":0,"menu_order":0,"comment_status":"closed","ping_status":"closed","template":"","meta":{"_themeisle_gutenberg_block_has_review":false,"footnotes":""},"class_list":["post-32","page","type-page","status-publish","has-post-thumbnail","hentry"],"yoast_head":"<!-- This site is optimized with the Yoast SEO plugin v25.4 - https:\/\/yoast.com\/wordpress\/plugins\/seo\/ -->\n<title>Contacto - Induaire.cl<\/title>\n<meta name=\"robots\" content=\"index, follow, max-snippet:-1, max-image-preview:large, max-video-preview:-1\" \/>\n<link rel=\"canonical\" href=\"https:\/\/induaire.cl\/index.php\/contacto\/\" \/>\n<meta property=\"og:locale\" content=\"es_ES\" \/>\n<meta property=\"og:type\" content=\"article\" \/>\n<meta property=\"og:title\" content=\"Contacto - Induaire.cl\" \/>\n<meta property=\"og:description\" content=\"ventas@induaire.cl Info@Induaire.cl Consultas\" \/>\n<meta property=\"og:url\" content=\"https:\/\/induaire.cl\/index.php\/contacto\/\" \/>\n<meta property=\"og:site_name\" content=\"Induaire.cl\" \/>\n<meta property=\"article:modified_time\" content=\"2025-05-11T03:24:54+00:00\" \/>\n<meta property=\"og:image\" content=\"https:\/\/induaire.cl\/wp-content\/uploads\/2025\/05\/419.jpg\" \/>\n\t<meta property=\"og:image:width\" content=\"1500\" \/>\n\t<meta property=\"og:image:height\" content=\"1000\" \/>\n\t<meta property=\"og:image:type\" content=\"image\/jpeg\" \/>\n<meta name=\"twitter:card\" content=\"summary_large_image\" \/>\n<script type=\"application\/ld+json\" class=\"yoast-schema-graph\">{\"@context\":\"https:\/\/schema.org\",\"@graph\":[{\"@type\":\"WebPage\",\"@id\":\"https:\/\/induaire.cl\/index.php\/contacto\/\",\"url\":\"https:\/\/induaire.cl\/index.php\/contacto\/\",\"name\":\"Contacto - Induaire.cl\",\"isPartOf\":{\"@id\":\"https:\/\/induaire.cl\/#website\"},\"primaryImageOfPage\":{\"@id\":\"https:\/\/induaire.cl\/index.php\/contacto\/#primaryimage\"},\"image\":{\"@id\":\"https:\/\/induaire.cl\/index.php\/contacto\/#primaryimage\"},\"thumbnailUrl\":\"https:\/\/induaire.cl\/wp-content\/uploads\/2025\/05\/419.jpg\",\"datePublished\":\"2018-07-17T20:42:17+00:00\",\"dateModified\":\"2025-05-11T03:24:54+00:00\",\"breadcrumb\":{\"@id\":\"https:\/\/induaire.cl\/index.php\/contacto\/#breadcrumb\"},\"inLanguage\":\"es-CL\",\"potentialAction\":[{\"@type\":\"ReadAction\",\"target\":[\"https:\/\/induaire.cl\/index.php\/contacto\/\"]}]},{\"@type\":\"ImageObject\",\"inLanguage\":\"es-CL\",\"@id\":\"https:\/\/induaire.cl\/index.php\/contacto\/#primaryimage\",\"url\":\"https:\/\/induaire.cl\/wp-content\/uploads\/2025\/05\/419.jpg\",\"contentUrl\":\"https:\/\/induaire.cl\/wp-content\/uploads\/2025\/05\/419.jpg\",\"width\":1500,\"height\":1000},{\"@type\":\"BreadcrumbList\",\"@id\":\"https:\/\/induaire.cl\/index.php\/contacto\/#breadcrumb\",\"itemListElement\":[{\"@type\":\"ListItem\",\"position\":1,\"name\":\"Portada\",\"item\":\"https:\/\/induaire.cl\/\"},{\"@type\":\"ListItem\",\"position\":2,\"name\":\"Contacto\"}]},{\"@type\":\"WebSite\",\"@id\":\"https:\/\/induaire.cl\/#website\",\"url\":\"https:\/\/induaire.cl\/\",\"name\":\"Induaire.cl\",\"description\":\"Induaire.cl proyecta, fabrica e instala sistemas para aspiraci\u00f3n, retenci\u00f3n y depuraci\u00f3n de poluci\u00f3n\",\"publisher\":{\"@id\":\"https:\/\/induaire.cl\/#organization\"},\"potentialAction\":[{\"@type\":\"SearchAction\",\"target\":{\"@type\":\"EntryPoint\",\"urlTemplate\":\"https:\/\/induaire.cl\/?s={search_term_string}\"},\"query-input\":{\"@type\":\"PropertyValueSpecification\",\"valueRequired\":true,\"valueName\":\"search_term_string\"}}],\"inLanguage\":\"es-CL\"},{\"@type\":\"Organization\",\"@id\":\"https:\/\/induaire.cl\/#organization\",\"name\":\"Induaire\",\"url\":\"https:\/\/induaire.cl\/\",\"logo\":{\"@type\":\"ImageObject\",\"inLanguage\":\"es-CL\",\"@id\":\"https:\/\/induaire.cl\/#\/schema\/logo\/image\/\",\"url\":\"https:\/\/induaire.cl\/wp-content\/uploads\/2025\/05\/Logo-Induaire-2020-5-scaled.png\",\"contentUrl\":\"https:\/\/induaire.cl\/wp-content\/uploads\/2025\/05\/Logo-Induaire-2020-5-scaled.png\",\"width\":2560,\"height\":975,\"caption\":\"Induaire\"},\"image\":{\"@id\":\"https:\/\/induaire.cl\/#\/schema\/logo\/image\/\"}}]}<\/script>\n<!-- \/ Yoast SEO plugin. -->","yoast_head_json":{"title":"Contacto - Induaire.cl","robots":{"index":"index","follow":"follow","max-snippet":"max-snippet:-1","max-image-preview":"max-image-preview:large","max-video-preview":"max-video-preview:-1"},"canonical":"https:\/\/induaire.cl\/index.php\/contacto\/","og_locale":"es_ES","og_type":"article","og_title":"Contacto - Induaire.cl","og_description":"ventas@induaire.cl Info@Induaire.cl Consultas","og_url":"https:\/\/induaire.cl\/index.php\/contacto\/","og_site_name":"Induaire.cl","article_modified_time":"2025-05-11T03:24:54+00:00","og_image":[{"width":1500,"height":1000,"url":"https:\/\/induaire.cl\/wp-content\/uploads\/2025\/05\/419.jpg","type":"image\/jpeg"}],"twitter_card":"summary_large_image","schema":{"@context":"https:\/\/schema.org","@graph":[{"@type":"WebPage","@id":"https:\/\/induaire.cl\/index.php\/contacto\/","url":"https:\/\/induaire.cl\/index.php\/contacto\/","name":"Contacto - Induaire.cl","isPartOf":{"@id":"https:\/\/induaire.cl\/#website"},"primaryImageOfPage":{"@id":"https:\/\/induaire.cl\/index.php\/contacto\/#primaryimage"},"image":{"@id":"https:\/\/induaire.cl\/index.php\/contacto\/#primaryimage"},"thumbnailUrl":"https:\/\/induaire.cl\/wp-content\/uploads\/2025\/05\/419.jpg","datePublished":"2018-07-17T20:42:17+00:00","dateModified":"2025-05-11T03:24:54+00:00","breadcrumb":{"@id":"https:\/\/induaire.cl\/index.php\/contacto\/#breadcrumb"},"inLanguage":"es-CL","potentialAction":[{"@type":"ReadAction","target":["https:\/\/induaire.cl\/index.php\/contacto\/"]}]},{"@type":"ImageObject","inLanguage":"es-CL","@id":"https:\/\/induaire.cl\/index.php\/contacto\/#primaryimage","url":"https:\/\/induaire.cl\/wp-content\/uploads\/2025\/05\/419.jpg","contentUrl":"https:\/\/induaire.cl\/wp-content\/uploads\/2025\/05\/419.jpg","width":1500,"height":1000},{"@type":"BreadcrumbList","@id":"https:\/\/induaire.cl\/index.php\/contacto\/#breadcrumb","itemListElement":[{"@type":"ListItem","position":1,"name":"Portada","item":"https:\/\/induaire.cl\/"},{"@type":"ListItem","position":2,"name":"Contacto"}]},{"@type":"WebSite","@id":"https:\/\/induaire.cl\/#website","url":"https:\/\/induaire.cl\/","name":"Induaire.cl","description":"Induaire.cl proyecta, fabrica e instala sistemas para aspiraci\u00f3n, retenci\u00f3n y depuraci\u00f3n de poluci\u00f3n","publisher":{"@id":"https:\/\/induaire.cl\/#organization"},"potentialAction":[{"@type":"SearchAction","target":{"@type":"EntryPoint","urlTemplate":"https:\/\/induaire.cl\/?s={search_term_string}"},"query-input":{"@type":"PropertyValueSpecification","valueRequired":true,"valueName":"search_term_string"}}],"inLanguage":"es-CL"},{"@type":"Organization","@id":"https:\/\/induaire.cl\/#organization","name":"Induaire","url":"https:\/\/induaire.cl\/","logo":{"@type":"ImageObject","inLanguage":"es-CL","@id":"https:\/\/induaire.cl\/#\/schema\/logo\/image\/","url":"https:\/\/induaire.cl\/wp-content\/uploads\/2025\/05\/Logo-Induaire-2020-5-scaled.png","contentUrl":"https:\/\/induaire.cl\/wp-content\/uploads\/2025\/05\/Logo-Induaire-2020-5-scaled.png","width":2560,"height":975,"caption":"Induaire"},"image":{"@id":"https:\/\/induaire.cl\/#\/schema\/logo\/image\/"}}]}},"_links":{"self":[{"href":"https:\/\/induaire.cl\/index.php\/wp-json\/wp\/v2\/pages\/32","targetHints":{"allow":["GET"]}}],"collection":[{"href":"https:\/\/induaire.cl\/index.php\/wp-json\/wp\/v2\/pages"}],"about":[{"href":"https:\/\/induaire.cl\/index.php\/wp-json\/wp\/v2\/types\/page"}],"author":[{"embeddable":true,"href":"https:\/\/induaire.cl\/index.php\/wp-json\/wp\/v2\/users\/1"}],"replies":[{"embeddable":true,"href":"https:\/\/induaire.cl\/index.php\/wp-json\/wp\/v2\/comments?post=32"}],"version-history":[{"count":12,"href":"https:\/\/induaire.cl\/index.php\/wp-json\/wp\/v2\/pages\/32\/revisions"}],"predecessor-version":[{"id":309,"href":"https:\/\/induaire.cl\/index.php\/wp-json\/wp\/v2\/pages\/32\/revisions\/309"}],"wp:featuredmedia":[{"embeddable":true,"href":"https:\/\/induaire.cl\/index.php\/wp-json\/wp\/v2\/media\/288"}],"wp:attachment":[{"href":"https:\/\/induaire.cl\/index.php\/wp-json\/wp\/v2\/media?parent=32"}],"curies":[{"name":"wp","href":"https:\/\/api.w.org\/{rel}","templated":true}]}}