{"id":18,"date":"2018-07-17T02:56:39","date_gmt":"2018-07-17T02:56:39","guid":{"rendered":"http:\/\/induaire.cl\/?page_id=18"},"modified":"2025-05-11T03:44:34","modified_gmt":"2025-05-11T03:44:34","slug":"ventilador-centrifugo-2","status":"publish","type":"page","link":"https:\/\/induaire.cl\/index.php\/productos\/ventilador-centrifugo-2\/","title":{"rendered":"Ventilador Centr\u00edfugo"},"content":{"rendered":"<p><strong>Ventilador Centr\u00edfugo de Simples Aspiraci\u00f3n con Rotor de Aspas Rectas Inclinadas para Atr\u00e1s.<\/strong><\/p>\n<p>Tama\u00f1o\u00a0\u00a0\u00a0\u00a0\u00a0\u00a0\u00a0\u00a0\u00a0\u00a0:\u00a0\u00a0\u00a0\u00a0\u00a0\u00a0\u00a0\u00a0\u00a0\u00a0\u00a0Di\u00e1metro rodetes desde 310mm hasta 1675mm.<\/p>\n<p>Capacidad\u00a0\u00a0\u00a0\u00a0\u00a0\u00a0\u00a0:\u00a0\u00a0\u00a0\u00a0\u00a0\u00a0\u00a0\u00a0\u00a0\u00a0\u00a0Hasta 170.000 m<sup>3<\/sup>\/h.<\/p>\n<p>Presi\u00f3n\u00a0\u00a0\u00a0\u00a0\u00a0\u00a0\u00a0\u00a0\u00a0\u00a0\u00a0\u00a0:\u00a0\u00a0\u00a0\u00a0\u00a0\u00a0\u00a0\u00a0\u00a0\u00a0\u00a0Hasta 300 mm.c.a.<\/p>\n<p>Temperatura\u00a0\u00a0:\u00a0\u00a0\u00a0\u00a0\u00a0\u00a0\u00a0\u00a0\u00a0\u00a0\u00a0Hasta 250\u00a0<sup>0<\/sup>C.<\/p>\n<p><img loading=\"lazy\" decoding=\"async\" class=\"wp-image-19 alignnone\" src=\"https:\/\/induaire.cl\/wp-content\/uploads\/2018\/07\/Ventilador-Centrifugo-300x278.jpg\" alt=\"\" width=\"364\" height=\"337\" srcset=\"https:\/\/induaire.cl\/wp-content\/uploads\/2018\/07\/Ventilador-Centrifugo-300x278.jpg 300w, https:\/\/induaire.cl\/wp-content\/uploads\/2018\/07\/Ventilador-Centrifugo.jpg 305w\" sizes=\"auto, (max-width: 364px) 100vw, 364px\" \/><\/p>\n<p>Designaci\u00f3n:\u00a0\u00a0\u00a0Transporte de gases calientes o fr\u00edos,\u00a0con grandes cantidades de material particulado.<\/p>\n<p>Aplicaci\u00f3n: Ventilaci\u00f3n Industrial en generalmente incluida en proyectos de Calderas, escape de Procesos industriales con emanaci\u00f3n de polvo, transporte neum\u00e1tico de material granulado (El material puede pasar a trav\u00e9s del ventilador).<\/p>\n<p><strong>Ventilador Centr\u00edfugo de Simples Aspiraci\u00f3n con Rotor de Aspas Rectas Radial.<\/strong><\/p>\n<p>Tama\u00f1o\u00a0\u00a0\u00a0\u00a0\u00a0\u00a0\u00a0\u00a0\u00a0\u00a0:\u00a0\u00a0\u00a0\u00a0\u00a0\u00a0\u00a0\u00a0\u00a0\u00a0\u00a0Di\u00e1metro rodetes desde 310mm hasta 1825mm.<\/p>\n<p>Capacidad\u00a0\u00a0\u00a0\u00a0\u00a0\u00a0\u00a0:\u00a0\u00a0\u00a0\u00a0\u00a0\u00a0\u00a0\u00a0\u00a0\u00a0\u00a0Hasta 200.000 m<sup>3<\/sup>\/h.<\/p>\n<p>Presi\u00f3n\u00a0\u00a0\u00a0\u00a0\u00a0\u00a0\u00a0\u00a0\u00a0\u00a0\u00a0\u00a0:\u00a0\u00a0\u00a0\u00a0\u00a0\u00a0\u00a0\u00a0\u00a0\u00a0\u00a0Hasta 400 mm.c.a.<\/p>\n<p>Temperatura\u00a0\u00a0:\u00a0\u00a0\u00a0\u00a0\u00a0\u00a0\u00a0\u00a0\u00a0\u00a0\u00a0Hasta 200\u00a0<sup>0<\/sup>C.<\/p>\n<p><img loading=\"lazy\" decoding=\"async\" class=\"alignnone size-medium wp-image-29\" src=\"https:\/\/induaire.cl\/wp-content\/uploads\/2018\/07\/Ventilador-Centrifugo-2-300x277.jpg\" alt=\"\" width=\"300\" height=\"277\" srcset=\"https:\/\/induaire.cl\/wp-content\/uploads\/2018\/07\/Ventilador-Centrifugo-2-300x277.jpg 300w, https:\/\/induaire.cl\/wp-content\/uploads\/2018\/07\/Ventilador-Centrifugo-2.jpg 306w\" sizes=\"auto, (max-width: 300px) 100vw, 300px\" \/><\/p>\n<p>Designaci\u00f3n:\u00a0\u00a0\u00a0Transporte de gases calientes o fr\u00edos,\u00a0con bajas cantidades de material particulado en suspensi\u00f3n.<\/p>\n<p>Aplicaci\u00f3n: Ventilaci\u00f3n Industrial en general, Quemadores, ventilador auxiliar para Calderas, transporte neum\u00e1tico (El material no puede pasar a trav\u00e9s del ventilador), Industria qu\u00edmica, instalaciones Sider\u00fargicas, minas, etc.<\/p>\n<p>&nbsp;<\/p>\n<p><strong>Ventilador Centr\u00edfugo de Simples Aspiraci\u00f3n Alta Presi\u00f3n con Rotor de Aspas Rectas Radial.<\/strong><\/p>\n<p>Capacidad\u00a0\u00a0\u00a0\u00a0\u00a0\u00a0\u00a0:\u00a0\u00a0\u00a0\u00a0\u00a0\u00a0\u00a0\u00a0\u00a0\u00a0\u00a0Hasta 5.400 m<sup>3<\/sup>\/h.<\/p>\n<p>Presi\u00f3n\u00a0\u00a0\u00a0\u00a0\u00a0\u00a0\u00a0\u00a0\u00a0\u00a0\u00a0\u00a0:\u00a0\u00a0\u00a0\u00a0\u00a0\u00a0\u00a0\u00a0\u00a0\u00a0\u00a0Hasta 1500 mm.c.a.<\/p>\n<p>Temperatura\u00a0\u00a0:\u00a0\u00a0\u00a0\u00a0\u00a0\u00a0\u00a0\u00a0\u00a0\u00a0\u00a0Hasta 200\u00a0<sup>0<\/sup>C.<\/p>\n<p><img loading=\"lazy\" decoding=\"async\" class=\"alignnone size-medium wp-image-30\" src=\"https:\/\/induaire.cl\/wp-content\/uploads\/2018\/07\/Ventilador-Centrifugo-3-300x300.jpg\" alt=\"\" width=\"300\" height=\"300\" srcset=\"https:\/\/induaire.cl\/wp-content\/uploads\/2018\/07\/Ventilador-Centrifugo-3-300x300.jpg 300w, https:\/\/induaire.cl\/wp-content\/uploads\/2018\/07\/Ventilador-Centrifugo-3-150x150.jpg 150w, https:\/\/induaire.cl\/wp-content\/uploads\/2018\/07\/Ventilador-Centrifugo-3-100x100.jpg 100w, https:\/\/induaire.cl\/wp-content\/uploads\/2018\/07\/Ventilador-Centrifugo-3.jpg 307w\" sizes=\"auto, (max-width: 300px) 100vw, 300px\" \/><\/p>\n<p>Designaci\u00f3n:\u00a0\u00a0\u00a0Transporte de gases calientes o fr\u00edos,\u00a0\u00a0con bajas cantidades de material particulado en suspensi\u00f3n.<\/p>\n<p>Aplicaci\u00f3n: Ventilaci\u00f3n Industrial en general, Quemadores, transporte neum\u00e1tico (El material no puede pasar a trav\u00e9s del ventilador), Industria qu\u00edmica, instalaciones Sider\u00fargicas, minas, etc.<\/p>\n<p>&nbsp;<\/p>\n","protected":false},"excerpt":{"rendered":"<p>Ventilador Centr\u00edfugo de Simples Aspiraci\u00f3n con Rotor de Aspas Rectas Inclinadas para Atr\u00e1s. Tama\u00f1o\u00a0\u00a0\u00a0\u00a0\u00a0\u00a0\u00a0\u00a0\u00a0\u00a0:\u00a0\u00a0\u00a0\u00a0\u00a0\u00a0\u00a0\u00a0\u00a0\u00a0\u00a0Di\u00e1metro rodetes desde 310mm hasta 1675mm. Capacidad\u00a0\u00a0\u00a0\u00a0\u00a0\u00a0\u00a0:\u00a0\u00a0\u00a0\u00a0\u00a0\u00a0\u00a0\u00a0\u00a0\u00a0\u00a0Hasta 170.000 m3\/h. Presi\u00f3n\u00a0\u00a0\u00a0\u00a0\u00a0\u00a0\u00a0\u00a0\u00a0\u00a0\u00a0\u00a0:\u00a0\u00a0\u00a0\u00a0\u00a0\u00a0\u00a0\u00a0\u00a0\u00a0\u00a0Hasta 300 mm.c.a. Temperatura\u00a0\u00a0:\u00a0\u00a0\u00a0\u00a0\u00a0\u00a0\u00a0\u00a0\u00a0\u00a0\u00a0Hasta 250\u00a00C. Designaci\u00f3n:\u00a0\u00a0\u00a0Transporte de gases calientes o fr\u00edos,\u00a0con grandes cantidades de material particulado. Aplicaci\u00f3n: Ventilaci\u00f3n Industrial en generalmente incluida en proyectos de Calderas, escape de Procesos industriales con emanaci\u00f3n de [&hellip;]<\/p>\n","protected":false},"author":1,"featured_media":0,"parent":8,"menu_order":0,"comment_status":"closed","ping_status":"closed","template":"","meta":{"_themeisle_gutenberg_block_has_review":false,"footnotes":""},"class_list":["post-18","page","type-page","status-publish","hentry"],"yoast_head":"<!-- This site is optimized with the Yoast SEO plugin v25.4 - https:\/\/yoast.com\/wordpress\/plugins\/seo\/ -->\n<title>Ventilador Centr\u00edfugo - Induaire.cl<\/title>\n<meta name=\"robots\" content=\"index, follow, max-snippet:-1, max-image-preview:large, max-video-preview:-1\" \/>\n<link rel=\"canonical\" href=\"https:\/\/induaire.cl\/index.php\/productos\/ventilador-centrifugo-2\/\" \/>\n<meta property=\"og:locale\" content=\"es_ES\" \/>\n<meta property=\"og:type\" content=\"article\" \/>\n<meta property=\"og:title\" content=\"Ventilador Centr\u00edfugo - Induaire.cl\" \/>\n<meta property=\"og:description\" content=\"Ventilador Centr\u00edfugo de Simples Aspiraci\u00f3n con Rotor de Aspas Rectas Inclinadas para Atr\u00e1s. Tama\u00f1o\u00a0\u00a0\u00a0\u00a0\u00a0\u00a0\u00a0\u00a0\u00a0\u00a0:\u00a0\u00a0\u00a0\u00a0\u00a0\u00a0\u00a0\u00a0\u00a0\u00a0\u00a0Di\u00e1metro rodetes desde 310mm hasta 1675mm. Capacidad\u00a0\u00a0\u00a0\u00a0\u00a0\u00a0\u00a0:\u00a0\u00a0\u00a0\u00a0\u00a0\u00a0\u00a0\u00a0\u00a0\u00a0\u00a0Hasta 170.000 m3\/h. Presi\u00f3n\u00a0\u00a0\u00a0\u00a0\u00a0\u00a0\u00a0\u00a0\u00a0\u00a0\u00a0\u00a0:\u00a0\u00a0\u00a0\u00a0\u00a0\u00a0\u00a0\u00a0\u00a0\u00a0\u00a0Hasta 300 mm.c.a. Temperatura\u00a0\u00a0:\u00a0\u00a0\u00a0\u00a0\u00a0\u00a0\u00a0\u00a0\u00a0\u00a0\u00a0Hasta 250\u00a00C. Designaci\u00f3n:\u00a0\u00a0\u00a0Transporte de gases calientes o fr\u00edos,\u00a0con grandes cantidades de material particulado. Aplicaci\u00f3n: Ventilaci\u00f3n Industrial en generalmente incluida en proyectos de Calderas, escape de Procesos industriales con emanaci\u00f3n de [&hellip;]\" \/>\n<meta property=\"og:url\" content=\"https:\/\/induaire.cl\/index.php\/productos\/ventilador-centrifugo-2\/\" \/>\n<meta property=\"og:site_name\" content=\"Induaire.cl\" \/>\n<meta property=\"article:modified_time\" content=\"2025-05-11T03:44:34+00:00\" \/>\n<meta property=\"og:image\" content=\"http:\/\/induaire.cl\/wp-content\/uploads\/2018\/07\/Ventilador-Centrifugo-300x278.jpg\" \/>\n<meta name=\"twitter:card\" content=\"summary_large_image\" \/>\n<meta name=\"twitter:label1\" content=\"Tiempo estimado de lectura\" \/>\n\t<meta name=\"twitter:data1\" content=\"1 minuto\" \/>\n<script type=\"application\/ld+json\" class=\"yoast-schema-graph\">{\"@context\":\"https:\/\/schema.org\",\"@graph\":[{\"@type\":\"WebPage\",\"@id\":\"https:\/\/induaire.cl\/index.php\/productos\/ventilador-centrifugo-2\/\",\"url\":\"https:\/\/induaire.cl\/index.php\/productos\/ventilador-centrifugo-2\/\",\"name\":\"Ventilador Centr\u00edfugo - Induaire.cl\",\"isPartOf\":{\"@id\":\"https:\/\/induaire.cl\/#website\"},\"primaryImageOfPage\":{\"@id\":\"https:\/\/induaire.cl\/index.php\/productos\/ventilador-centrifugo-2\/#primaryimage\"},\"image\":{\"@id\":\"https:\/\/induaire.cl\/index.php\/productos\/ventilador-centrifugo-2\/#primaryimage\"},\"thumbnailUrl\":\"http:\/\/induaire.cl\/wp-content\/uploads\/2018\/07\/Ventilador-Centrifugo-300x278.jpg\",\"datePublished\":\"2018-07-17T02:56:39+00:00\",\"dateModified\":\"2025-05-11T03:44:34+00:00\",\"breadcrumb\":{\"@id\":\"https:\/\/induaire.cl\/index.php\/productos\/ventilador-centrifugo-2\/#breadcrumb\"},\"inLanguage\":\"es-CL\",\"potentialAction\":[{\"@type\":\"ReadAction\",\"target\":[\"https:\/\/induaire.cl\/index.php\/productos\/ventilador-centrifugo-2\/\"]}]},{\"@type\":\"ImageObject\",\"inLanguage\":\"es-CL\",\"@id\":\"https:\/\/induaire.cl\/index.php\/productos\/ventilador-centrifugo-2\/#primaryimage\",\"url\":\"http:\/\/induaire.cl\/wp-content\/uploads\/2018\/07\/Ventilador-Centrifugo-300x278.jpg\",\"contentUrl\":\"http:\/\/induaire.cl\/wp-content\/uploads\/2018\/07\/Ventilador-Centrifugo-300x278.jpg\"},{\"@type\":\"BreadcrumbList\",\"@id\":\"https:\/\/induaire.cl\/index.php\/productos\/ventilador-centrifugo-2\/#breadcrumb\",\"itemListElement\":[{\"@type\":\"ListItem\",\"position\":1,\"name\":\"Portada\",\"item\":\"https:\/\/induaire.cl\/\"},{\"@type\":\"ListItem\",\"position\":2,\"name\":\"Productos\",\"item\":\"https:\/\/induaire.cl\/index.php\/productos\/\"},{\"@type\":\"ListItem\",\"position\":3,\"name\":\"Ventilador Centr\u00edfugo\"}]},{\"@type\":\"WebSite\",\"@id\":\"https:\/\/induaire.cl\/#website\",\"url\":\"https:\/\/induaire.cl\/\",\"name\":\"Induaire.cl\",\"description\":\"Induaire.cl proyecta, fabrica e instala sistemas para aspiraci\u00f3n, retenci\u00f3n y depuraci\u00f3n de poluci\u00f3n\",\"publisher\":{\"@id\":\"https:\/\/induaire.cl\/#organization\"},\"potentialAction\":[{\"@type\":\"SearchAction\",\"target\":{\"@type\":\"EntryPoint\",\"urlTemplate\":\"https:\/\/induaire.cl\/?s={search_term_string}\"},\"query-input\":{\"@type\":\"PropertyValueSpecification\",\"valueRequired\":true,\"valueName\":\"search_term_string\"}}],\"inLanguage\":\"es-CL\"},{\"@type\":\"Organization\",\"@id\":\"https:\/\/induaire.cl\/#organization\",\"name\":\"Induaire\",\"url\":\"https:\/\/induaire.cl\/\",\"logo\":{\"@type\":\"ImageObject\",\"inLanguage\":\"es-CL\",\"@id\":\"https:\/\/induaire.cl\/#\/schema\/logo\/image\/\",\"url\":\"https:\/\/induaire.cl\/wp-content\/uploads\/2025\/05\/Logo-Induaire-2020-5-scaled.png\",\"contentUrl\":\"https:\/\/induaire.cl\/wp-content\/uploads\/2025\/05\/Logo-Induaire-2020-5-scaled.png\",\"width\":2560,\"height\":975,\"caption\":\"Induaire\"},\"image\":{\"@id\":\"https:\/\/induaire.cl\/#\/schema\/logo\/image\/\"}}]}<\/script>\n<!-- \/ Yoast SEO plugin. -->","yoast_head_json":{"title":"Ventilador Centr\u00edfugo - Induaire.cl","robots":{"index":"index","follow":"follow","max-snippet":"max-snippet:-1","max-image-preview":"max-image-preview:large","max-video-preview":"max-video-preview:-1"},"canonical":"https:\/\/induaire.cl\/index.php\/productos\/ventilador-centrifugo-2\/","og_locale":"es_ES","og_type":"article","og_title":"Ventilador Centr\u00edfugo - Induaire.cl","og_description":"Ventilador Centr\u00edfugo de Simples Aspiraci\u00f3n con Rotor de Aspas Rectas Inclinadas para Atr\u00e1s. Tama\u00f1o\u00a0\u00a0\u00a0\u00a0\u00a0\u00a0\u00a0\u00a0\u00a0\u00a0:\u00a0\u00a0\u00a0\u00a0\u00a0\u00a0\u00a0\u00a0\u00a0\u00a0\u00a0Di\u00e1metro rodetes desde 310mm hasta 1675mm. Capacidad\u00a0\u00a0\u00a0\u00a0\u00a0\u00a0\u00a0:\u00a0\u00a0\u00a0\u00a0\u00a0\u00a0\u00a0\u00a0\u00a0\u00a0\u00a0Hasta 170.000 m3\/h. Presi\u00f3n\u00a0\u00a0\u00a0\u00a0\u00a0\u00a0\u00a0\u00a0\u00a0\u00a0\u00a0\u00a0:\u00a0\u00a0\u00a0\u00a0\u00a0\u00a0\u00a0\u00a0\u00a0\u00a0\u00a0Hasta 300 mm.c.a. Temperatura\u00a0\u00a0:\u00a0\u00a0\u00a0\u00a0\u00a0\u00a0\u00a0\u00a0\u00a0\u00a0\u00a0Hasta 250\u00a00C. Designaci\u00f3n:\u00a0\u00a0\u00a0Transporte de gases calientes o fr\u00edos,\u00a0con grandes cantidades de material particulado. Aplicaci\u00f3n: Ventilaci\u00f3n Industrial en generalmente incluida en proyectos de Calderas, escape de Procesos industriales con emanaci\u00f3n de [&hellip;]","og_url":"https:\/\/induaire.cl\/index.php\/productos\/ventilador-centrifugo-2\/","og_site_name":"Induaire.cl","article_modified_time":"2025-05-11T03:44:34+00:00","og_image":[{"url":"http:\/\/induaire.cl\/wp-content\/uploads\/2018\/07\/Ventilador-Centrifugo-300x278.jpg","type":"","width":"","height":""}],"twitter_card":"summary_large_image","twitter_misc":{"Tiempo estimado de lectura":"1 minuto"},"schema":{"@context":"https:\/\/schema.org","@graph":[{"@type":"WebPage","@id":"https:\/\/induaire.cl\/index.php\/productos\/ventilador-centrifugo-2\/","url":"https:\/\/induaire.cl\/index.php\/productos\/ventilador-centrifugo-2\/","name":"Ventilador Centr\u00edfugo - Induaire.cl","isPartOf":{"@id":"https:\/\/induaire.cl\/#website"},"primaryImageOfPage":{"@id":"https:\/\/induaire.cl\/index.php\/productos\/ventilador-centrifugo-2\/#primaryimage"},"image":{"@id":"https:\/\/induaire.cl\/index.php\/productos\/ventilador-centrifugo-2\/#primaryimage"},"thumbnailUrl":"http:\/\/induaire.cl\/wp-content\/uploads\/2018\/07\/Ventilador-Centrifugo-300x278.jpg","datePublished":"2018-07-17T02:56:39+00:00","dateModified":"2025-05-11T03:44:34+00:00","breadcrumb":{"@id":"https:\/\/induaire.cl\/index.php\/productos\/ventilador-centrifugo-2\/#breadcrumb"},"inLanguage":"es-CL","potentialAction":[{"@type":"ReadAction","target":["https:\/\/induaire.cl\/index.php\/productos\/ventilador-centrifugo-2\/"]}]},{"@type":"ImageObject","inLanguage":"es-CL","@id":"https:\/\/induaire.cl\/index.php\/productos\/ventilador-centrifugo-2\/#primaryimage","url":"http:\/\/induaire.cl\/wp-content\/uploads\/2018\/07\/Ventilador-Centrifugo-300x278.jpg","contentUrl":"http:\/\/induaire.cl\/wp-content\/uploads\/2018\/07\/Ventilador-Centrifugo-300x278.jpg"},{"@type":"BreadcrumbList","@id":"https:\/\/induaire.cl\/index.php\/productos\/ventilador-centrifugo-2\/#breadcrumb","itemListElement":[{"@type":"ListItem","position":1,"name":"Portada","item":"https:\/\/induaire.cl\/"},{"@type":"ListItem","position":2,"name":"Productos","item":"https:\/\/induaire.cl\/index.php\/productos\/"},{"@type":"ListItem","position":3,"name":"Ventilador Centr\u00edfugo"}]},{"@type":"WebSite","@id":"https:\/\/induaire.cl\/#website","url":"https:\/\/induaire.cl\/","name":"Induaire.cl","description":"Induaire.cl proyecta, fabrica e instala sistemas para aspiraci\u00f3n, retenci\u00f3n y depuraci\u00f3n de poluci\u00f3n","publisher":{"@id":"https:\/\/induaire.cl\/#organization"},"potentialAction":[{"@type":"SearchAction","target":{"@type":"EntryPoint","urlTemplate":"https:\/\/induaire.cl\/?s={search_term_string}"},"query-input":{"@type":"PropertyValueSpecification","valueRequired":true,"valueName":"search_term_string"}}],"inLanguage":"es-CL"},{"@type":"Organization","@id":"https:\/\/induaire.cl\/#organization","name":"Induaire","url":"https:\/\/induaire.cl\/","logo":{"@type":"ImageObject","inLanguage":"es-CL","@id":"https:\/\/induaire.cl\/#\/schema\/logo\/image\/","url":"https:\/\/induaire.cl\/wp-content\/uploads\/2025\/05\/Logo-Induaire-2020-5-scaled.png","contentUrl":"https:\/\/induaire.cl\/wp-content\/uploads\/2025\/05\/Logo-Induaire-2020-5-scaled.png","width":2560,"height":975,"caption":"Induaire"},"image":{"@id":"https:\/\/induaire.cl\/#\/schema\/logo\/image\/"}}]}},"_links":{"self":[{"href":"https:\/\/induaire.cl\/index.php\/wp-json\/wp\/v2\/pages\/18","targetHints":{"allow":["GET"]}}],"collection":[{"href":"https:\/\/induaire.cl\/index.php\/wp-json\/wp\/v2\/pages"}],"about":[{"href":"https:\/\/induaire.cl\/index.php\/wp-json\/wp\/v2\/types\/page"}],"author":[{"embeddable":true,"href":"https:\/\/induaire.cl\/index.php\/wp-json\/wp\/v2\/users\/1"}],"replies":[{"embeddable":true,"href":"https:\/\/induaire.cl\/index.php\/wp-json\/wp\/v2\/comments?post=18"}],"version-history":[{"count":3,"href":"https:\/\/induaire.cl\/index.php\/wp-json\/wp\/v2\/pages\/18\/revisions"}],"predecessor-version":[{"id":65,"href":"https:\/\/induaire.cl\/index.php\/wp-json\/wp\/v2\/pages\/18\/revisions\/65"}],"up":[{"embeddable":true,"href":"https:\/\/induaire.cl\/index.php\/wp-json\/wp\/v2\/pages\/8"}],"wp:attachment":[{"href":"https:\/\/induaire.cl\/index.php\/wp-json\/wp\/v2\/media?parent=18"}],"curies":[{"name":"wp","href":"https:\/\/api.w.org\/{rel}","templated":true}]}}